 




		
		{"id":1460,"date":"2022-10-20T22:54:16","date_gmt":"2022-10-20T15:54:16","guid":{"rendered":"https:\/\/basuongfood.com\/?post_type=product&#038;p=1460"},"modified":"2022-10-20T22:56:49","modified_gmt":"2022-10-20T15:56:49","slug":"ma-xoai-dong-lanh","status":"publish","type":"product","link":"https:\/\/basuongfoods.com\/en\/san-pham\/tieng-viet-ma-xoai-dong-lanh","title":{"rendered":"(Ti\u1ebfng Vi\u1ec7t) M\u00e1 xo\u00e0i \u0111\u00f4ng l\u1ea1nh"},"content":{"rendered":"<p class=\"qtranxs-available-languages-message qtranxs-available-languages-message-en\">Sorry, this entry is only available in <a href=\"https:\/\/basuongfoods.com\/vi\/wp-json\/wp\/v2\/product\/1460\" class=\"qtranxs-available-language-link qtranxs-available-language-link-vi\" title=\"Ti\u1ebfng Vi\u1ec7t\">Vietnamese<\/a>.<\/p>","protected":false},"excerpt":{"rendered":"<p>Sorry, this entry is only available in Vietnamese.<\/p>\n","protected":false},"featured_media":1461,"comment_status":"closed","ping_status":"closed","template":"","meta":{"_editorskit_title_hidden":false,"_editorskit_reading_time":0,"_editorskit_typography_data":[],"_editorskit_blocks_typography":"","_editorskit_is_block_options_detached":false,"_editorskit_block_options_position":"{}"},"product_cat":[],"product_tag":[],"_links":{"self":[{"href":"https:\/\/basuongfoods.com\/en\/wp-json\/wp\/v2\/product\/1460"}],"collection":[{"href":"https:\/\/basuongfoods.com\/en\/wp-json\/wp\/v2\/product"}],"about":[{"href":"https:\/\/basuongfoods.com\/en\/wp-json\/wp\/v2\/types\/product"}],"replies":[{"embeddable":true,"href":"https:\/\/basuongfoods.com\/en\/wp-json\/wp\/v2\/comments?post=1460"}],"wp:featuredmedia":[{"embeddable":true,"href":"https:\/\/basuongfoods.com\/en\/wp-json\/wp\/v2\/media\/1461"}],"wp:attachment":[{"href":"https:\/\/basuongfoods.com\/en\/wp-json\/wp\/v2\/media?parent=1460"}],"wp:term":[{"taxonomy":"product_cat","embeddable":true,"href":"https:\/\/basuongfoods.com\/en\/wp-json\/wp\/v2\/product_cat?post=1460"},{"taxonomy":"product_tag","embeddable":true,"href":"https:\/\/basuongfoods.com\/en\/wp-json\/wp\/v2\/product_tag?post=1460"}],"curies":[{"name":"wp","href":"https:\/\/api.w.org\/{rel}","templated":true}]}}